{"id":3133,"date":"2024-02-24T00:02:26","date_gmt":"2024-02-24T00:02:26","guid":{"rendered":"https:\/\/www.climomaxstore.com\/?post_type=product&#038;p=3133"},"modified":"2024-02-24T13:46:34","modified_gmt":"2024-02-24T13:46:34","slug":"thermopompe-elite-65-000btu-h","status":"publish","type":"product","link":"https:\/\/www.climomaxstore.com\/en\/product\/thermopompe-elite-65-000btu-h\/","title":{"rendered":"Thermopompe Elite 65 000 BTU\/H"},"content":{"rendered":"","protected":false},"excerpt":{"rendered":"<p>La thermopompe \u00c9lite maximise le transfert de chaleur gratuite provenant du soleil en raison de la Configuration Climatique Canadienne.<\/p>\n<p>&#8211; Optimis\u00e9e pour le meilleur rendement \u00e9nerg\u00e9tique \u00e0 basse temp\u00e9rature<br \/>\n&#8211; Ne refroidit jamais l\u2019eau de la piscine en mode d\u00e9givrage<br \/>\n&#8211; Configuration Climatique Canadienne<\/p>\n<p>Capacit\u00e9 : <strong>65 000BTU\/H<\/strong><\/p>\n<p><a href=\"https:\/\/www.climomaxstore.com\/wp-content\/uploads\/2024\/02\/Elite_fr.pdf\"><strong>T\u00c9L\u00c9CHARGER LA BROCHURE<\/strong><\/a><\/p>","protected":false},"featured_media":3068,"template":"","meta":[],"product_cat":[64,59],"product_tag":[],"class_list":{"0":"post-3133","1":"product","2":"type-product","3":"status-publish","4":"has-post-thumbnail","6":"product_cat-chauffe-piscine","7":"product_cat-thermopompe","9":"first","10":"instock","11":"taxable","12":"shipping-taxable","13":"purchasable","14":"product-type-simple"},"_links":{"self":[{"href":"https:\/\/www.climomaxstore.com\/en\/wp-json\/wp\/v2\/product\/3133"}],"collection":[{"href":"https:\/\/www.climomaxstore.com\/en\/wp-json\/wp\/v2\/product"}],"about":[{"href":"https:\/\/www.climomaxstore.com\/en\/wp-json\/wp\/v2\/types\/product"}],"wp:featuredmedia":[{"embeddable":true,"href":"https:\/\/www.climomaxstore.com\/en\/wp-json\/wp\/v2\/media\/3068"}],"wp:attachment":[{"href":"https:\/\/www.climomaxstore.com\/en\/wp-json\/wp\/v2\/media?parent=3133"}],"wp:term":[{"taxonomy":"product_cat","embeddable":true,"href":"https:\/\/www.climomaxstore.com\/en\/wp-json\/wp\/v2\/product_cat?post=3133"},{"taxonomy":"product_tag","embeddable":true,"href":"https:\/\/www.climomaxstore.com\/en\/wp-json\/wp\/v2\/product_tag?post=3133"}],"curies":[{"name":"wp","href":"https:\/\/api.w.org\/{rel}","templated":true}]}}