{"id":3,"date":"2022-12-15T18:52:21","date_gmt":"2022-12-15T18:52:21","guid":{"rendered":"http:\/\/mafrishe.com\/?page_id=3"},"modified":"2024-02-20T22:57:30","modified_gmt":"2024-02-20T22:57:30","slug":"politique-de-confidentialite","status":"publish","type":"page","link":"https:\/\/www.climomaxstore.com\/es\/politique-de-confidentialite\/","title":{"rendered":"Pol\u00edtica de confidencialidad"},"content":{"rendered":"<div class=\"section the_content has_content\">\n<div class=\"section_wrapper\">\n<div class=\"the_content_wrapper\">\n<div class=\"entry-content\">\n<p class=\"p1\">Esta pol\u00edtica de privacidad describe c\u00f3mo se recopila, utiliza y comparte su informaci\u00f3n personal cuando visita o realiza una compra en <strong>www.climomaxstore.com<\/strong> (el sitio\").<\/p>\n<p class=\"p1\"><strong>INFORMACI\u00d3N PERSONAL QUE RECOPILAMOS<\/strong><br \/>\nCuando visita el Sitio, recopilamos autom\u00e1ticamente cierta informaci\u00f3n sobre su dispositivo, incluida informaci\u00f3n sobre su navegador web, direcci\u00f3n IP, zona horaria y algunas de las cookies instaladas en su dispositivo. Adem\u00e1s, mientras navega por el Sitio, recopilamos informaci\u00f3n sobre las p\u00e1ginas web o productos individuales que ve, los sitios web o t\u00e9rminos de b\u00fasqueda que lo remiten al Sitio e informaci\u00f3n sobre c\u00f3mo interact\u00faa con el sitio. A esta informaci\u00f3n recopilada autom\u00e1ticamente la llamamos \"informaci\u00f3n del dispositivo\".<\/p>\n<p class=\"p1\">Recopilamos informaci\u00f3n del dispositivo utilizando las siguientes tecnolog\u00edas:<br \/>\n\u2013 Las \u201ccookies\u201d son archivos de datos que se colocan en su dispositivo o computadora y que a menudo contienen un identificador \u00fanico y an\u00f3nimo. Para obtener m\u00e1s informaci\u00f3n sobre las cookies y c\u00f3mo desactivarlas, visite http:\/\/www.allaboutcookies.org.<br \/>\n\u2013 Los \u201carchivos de registro\u201d rastrean las acciones realizadas en el sitio y recopilan datos que incluyen su direcci\u00f3n IP, tipo de navegador, proveedor de servicios de Internet, p\u00e1ginas de referencia\/salida y marcas de fecha\/hora.<br \/>\n\u2013 \u201cBalizas web\u201d, \u201cbalizas\u201d y \u201cp\u00edxeles\u201d son archivos electr\u00f3nicos que se utilizan para registrar informaci\u00f3n sobre c\u00f3mo navega por el Sitio.<br \/>\nAdem\u00e1s, cuando realiza una compra o intenta realizar una compra a trav\u00e9s del Sitio, recopilamos cierta informaci\u00f3n, incluido su nombre, direcci\u00f3n de facturaci\u00f3n, direcci\u00f3n de env\u00edo, informaci\u00f3n de pago (incluidos n\u00fameros de tarjetas de cr\u00e9dito), su direcci\u00f3n de correo electr\u00f3nico y su tel\u00e9fono. n\u00famero. A esta informaci\u00f3n la llamamos \u201cInformaci\u00f3n del pedido\u201d.<\/p>\n<p class=\"p1\">Cuando hablamos de \"Informaci\u00f3n personal\" en esta Pol\u00edtica de privacidad, nos referimos tanto a la Informaci\u00f3n del dispositivo como a los Pedidos.<\/p>\n<p><strong>\u00bfCOMO USAMOS TU INFORMACI\u00d3N PERSONAL?<\/strong><br \/>\nGeneralmente utilizamos la informaci\u00f3n de pedidos que recopilamos para cumplir con cualquier pedido realizado a trav\u00e9s del Sitio (incluido el procesamiento de su informaci\u00f3n de pago, la organizaci\u00f3n del env\u00edo y el suministro de facturas y\/o confirmaciones de pedidos). Adem\u00e1s, utilizamos esta informaci\u00f3n de pedido para:<\/p>\n<p>- Comunicarse contigo;<br \/>\n\u2013 Revisar nuestros pedidos para detectar cualquier riesgo potencial o fraude; Y<br \/>\n\u2013 De acuerdo con las preferencias que haya compartido con nosotros, proporcionarle informaci\u00f3n o publicidad relacionada con nuestros productos o servicios.<br \/>\nUtilizamos la informaci\u00f3n del dispositivo que recopilamos para ayudarnos a detectar posibles riesgos y fraudes (en particular, su direcci\u00f3n IP) y, de manera m\u00e1s general, para mejorar y optimizar nuestro sitio (por ejemplo, generando an\u00e1lisis sobre c\u00f3mo nuestros clientes navegan e interact\u00faan en el sitio y evaluar el \u00e9xito de nuestras campa\u00f1as de marketing y publicidad).<\/p>\n<p><strong>COMPORTAMIENTO PUBLICITARIO<\/strong><br \/>\nComo se describi\u00f3 anteriormente, utilizamos su informaci\u00f3n personal para brindarle anuncios espec\u00edficos o comunicaciones de marketing que puedan ser de su inter\u00e9s. Para obtener m\u00e1s informaci\u00f3n sobre c\u00f3mo funciona la publicidad dirigida, puede visitar la p\u00e1gina educativa de Network Advertising Initiative (\u201cNAI\u201d) en http:\/\/www.networkadvertising.org\/understanding-online-advertising\/how -does-it-work.<\/p>\n<p>Puede optar por no recibir publicidad dirigida utilizando los enlaces siguientes:<br \/>\n\u2013 Facebook: https:\/\/www.facebook.com\/settings\/?tab=ads<br \/>\n\u2013 Google: https:\/\/www.google.com\/settings\/ads\/anonymous<br \/>\n\u2013 Bing: https:\/\/advertise.bingads.microsoft.com\/en-us\/resources\/policies\/personalized-ads<\/p>\n<p>Adem\u00e1s, puede optar por no recibir algunos de estos servicios visitando el portal de exclusi\u00f3n de Digital Advertising Alliance en: http:\/\/optout.aboutads.info\/.<\/p>\n<p><strong>NO SIGAS<\/strong><br \/>\nTenga en cuenta que no cambiamos la recopilaci\u00f3n de datos ni las pr\u00e1cticas de nuestro sitio cuando vemos una se\u00f1al de No rastrear desde su navegador.<\/p>\n<p><strong>TUS DERECHOS<\/strong><br \/>\nSi es residente europeo, tiene derecho a acceder a la informaci\u00f3n personal que tenemos sobre usted y a solicitar que su informaci\u00f3n personal se corrija, actualice o elimine. Si desea ejercer este derecho, comun\u00edquese con nosotros utilizando los datos de contacto que aparecen a continuaci\u00f3n.<br \/>\nAdem\u00e1s, si es residente europeo, observamos que estamos procesando su informaci\u00f3n para cumplir con los contratos que podamos tener con usted (por ejemplo, si realiza un pedido en el Sitio) o para perseguir nuestros intereses comerciales leg\u00edtimos enumerados. encima. Adem\u00e1s, tenga en cuenta que su informaci\u00f3n se transferir\u00e1 fuera de Europa, incluidos Canad\u00e1 y Estados Unidos.<\/p>\n<p><strong>RETENCI\u00d3N DE DATOS<\/strong><br \/>\nCuando realiza un pedido en el Sitio, conservamos la informaci\u00f3n de su pedido para nuestros registros a menos y hasta que nos solicite que eliminemos esta informaci\u00f3n.<\/p>\n<p><strong>CAMBIOS<\/strong><br \/>\nPodemos actualizar esta Pol\u00edtica de Privacidad de vez en cuando para reflejar, por ejemplo, cambios en nuestras pr\u00e1cticas o por otras razones operativas, legales o regulatorias.<\/p>\n<p><strong>CONT\u00c1CTENOS<\/strong><br \/>\nPara obtener m\u00e1s informaci\u00f3n sobre nuestras pr\u00e1cticas de privacidad, si tiene alguna pregunta o si desea presentar una queja, comun\u00edquese con nosotros por correo electr\u00f3nico a<strong> <span class=\"s1\"><span \n                data-original-string=\"jky7zq3GkUrMrlzDkQbwta19msgy74qp2gfMWuPp\/LU=\"\n                class=\"apbct-email-encoder\"\n                title=\"This contact has been encoded by Anti-Spam by CleanTalk. Click to decode. To finish the decoding make sure that JavaScript is enabled in your browser.\">cl******@ho*****.com<\/span><\/span> <\/strong>o por correo utilizando los datos de contacto a continuaci\u00f3n:<\/p>\n<p><span class=\"s1\"><strong>Clim-o-max Inc.<\/strong><\/span><br \/>\n901 Rue Gu\u00e9rin,<br \/>\nSaint-Michel (QC) J0L 2J0<br \/>\nCanada<\/p>\n<\/div>\n<\/div>\n<\/div>\n<\/div>","protected":false},"excerpt":{"rendered":"<p>Cette politique de confidentialit\u00e9 d\u00e9crit comment vos informations personnelles sont collect\u00e9es, utilis\u00e9es et partag\u00e9es lorsque vous visitez ou effectuez un achat sur www.climomaxstore.com (le \u00abSite\u00bb). INFORMATIONS PERSONNELLES QUE NOUS COLLECTONS Lorsque vous visitez le site, nous recueillons automatiquement certaines informations sur votre appareil, y compris des informations sur votre navigateur Web, votre adresse IP, votre<\/p>\n<div class=\"klb-readmore entry-button\"><a class=\"button\" href=\"https:\/\/www.climomaxstore.com\/es\/politique-de-confidentialite\/\">Read More<\/a><\/div>","protected":false},"author":1,"featured_media":0,"parent":0,"menu_order":0,"comment_status":"closed","ping_status":"open","template":"","meta":{"footnotes":""},"class_list":["post-3","page","type-page","status-publish","hentry"],"_links":{"self":[{"href":"https:\/\/www.climomaxstore.com\/es\/wp-json\/wp\/v2\/pages\/3"}],"collection":[{"href":"https:\/\/www.climomaxstore.com\/es\/wp-json\/wp\/v2\/pages"}],"about":[{"href":"https:\/\/www.climomaxstore.com\/es\/wp-json\/wp\/v2\/types\/page"}],"author":[{"embeddable":true,"href":"https:\/\/www.climomaxstore.com\/es\/wp-json\/wp\/v2\/users\/1"}],"replies":[{"embeddable":true,"href":"https:\/\/www.climomaxstore.com\/es\/wp-json\/wp\/v2\/comments?post=3"}],"version-history":[{"count":7,"href":"https:\/\/www.climomaxstore.com\/es\/wp-json\/wp\/v2\/pages\/3\/revisions"}],"predecessor-version":[{"id":3058,"href":"https:\/\/www.climomaxstore.com\/es\/wp-json\/wp\/v2\/pages\/3\/revisions\/3058"}],"wp:attachment":[{"href":"https:\/\/www.climomaxstore.com\/es\/wp-json\/wp\/v2\/media?parent=3"}],"curies":[{"name":"wp","href":"https:\/\/api.w.org\/{rel}","templated":true}]}}