{"id":3167,"date":"2024-02-24T13:31:44","date_gmt":"2024-02-24T13:31:44","guid":{"rendered":"https:\/\/www.climomaxstore.com\/?post_type=product&#038;p=3167"},"modified":"2024-02-24T17:42:45","modified_gmt":"2024-02-24T17:42:45","slug":"thermopompe-centrale-gree-flexx","status":"publish","type":"product","link":"https:\/\/www.climomaxstore.com\/es\/product\/thermopompe-centrale-gree-flexx\/","title":{"rendered":"Thermopompe centrale Gree Flexx"},"content":{"rendered":"<p>\u2022 Haut rendement jusqu&rsquo;\u00e0 17 SEER2 \/ 9 HSPF2<br \/>\n\u2022 Plage de temp. en climatisation: -15\u00b0C \u00e0 54\u00b0C<br \/>\n\u2022 Plage de temp. en chauffage: -30\u00b0C \u00e0 24\u00b0C<br \/>\n\u2022 Niveau de bruit de l&rsquo;unit\u00e9 ext\u00e9rieure aussi bas que 55 dB(A)<br \/>\n\u2022 Thermmostat conventionnel 24 VAC<br \/>\n\u2022 R\u00e9frig\u00e9rant \u00e9co\u00e9nerg\u00e9tique R410A<\/p>\n<p>\u2022 Toutes les unit\u00e9s ext\u00e9rieures ont des ailettes dor\u00e9es et les int\u00e9rieures, des ailettes bleues<br \/>\n\u2022 \u00c9quipement avec ailettes dor\u00e9es \u2013 Test\u00e9 au brouillard salin pendant 1 500 heures<br \/>\n\u2022 \u00c9quipement avec ailettes bleues \u2013 Test\u00e9 au brouillard salin pendant 500 heures<\/p>","protected":false},"excerpt":{"rendered":"<p>Gr\u00e2ce \u00e0 la technologie inverter de GREE et \u00e0 la conception d&rsquo;\u00e9vacuation horizontale (lat\u00e9rale), le FLEXX offre une efficacit\u00e9 jusqu&rsquo;\u00e0 17 SEER2 avec une flexibilit\u00e9 de 24 VAC. La FLEXX est id\u00e9ale pour les remplacements \u00ab\u00a0add-on\u00a0\u00bb et les nouvelles constructions avec une efficacit\u00e9 ULTRA en chauffage et climatisation , un fonctionnement<br \/>\nsilencieux et une empreinte environnementale plus petite.<\/p>\n<p><a href=\"https:\/\/www.climomaxstore.com\/wp-content\/uploads\/2024\/02\/Flexx_GREE_brochure.pdf\"><strong>T\u00c9L\u00c9CHARGER LA BROCHURE<\/strong><\/a><\/p>\n<p>&nbsp;<\/p>\n<p>&nbsp;<\/p>","protected":false},"featured_media":3171,"template":"","meta":[],"product_cat":[15],"product_tag":[],"class_list":{"0":"post-3167","1":"product","2":"type-product","3":"status-publish","4":"has-post-thumbnail","6":"product_cat-systeme-central","8":"first","9":"instock","10":"taxable","11":"shipping-taxable","12":"purchasable","13":"product-type-simple"},"_links":{"self":[{"href":"https:\/\/www.climomaxstore.com\/es\/wp-json\/wp\/v2\/product\/3167"}],"collection":[{"href":"https:\/\/www.climomaxstore.com\/es\/wp-json\/wp\/v2\/product"}],"about":[{"href":"https:\/\/www.climomaxstore.com\/es\/wp-json\/wp\/v2\/types\/product"}],"wp:featuredmedia":[{"embeddable":true,"href":"https:\/\/www.climomaxstore.com\/es\/wp-json\/wp\/v2\/media\/3171"}],"wp:attachment":[{"href":"https:\/\/www.climomaxstore.com\/es\/wp-json\/wp\/v2\/media?parent=3167"}],"wp:term":[{"taxonomy":"product_cat","embeddable":true,"href":"https:\/\/www.climomaxstore.com\/es\/wp-json\/wp\/v2\/product_cat?post=3167"},{"taxonomy":"product_tag","embeddable":true,"href":"https:\/\/www.climomaxstore.com\/es\/wp-json\/wp\/v2\/product_tag?post=3167"}],"curies":[{"name":"wp","href":"https:\/\/api.w.org\/{rel}","templated":true}]}}