{"id":3187,"date":"2024-02-24T15:57:06","date_gmt":"2024-02-24T15:57:06","guid":{"rendered":"https:\/\/www.climomaxstore.com\/?post_type=product&#038;p=3187"},"modified":"2025-01-17T19:44:50","modified_gmt":"2025-01-17T19:44:50","slug":"thermopompe-murale-franklin-18-000-btu-205-seer","status":"publish","type":"product","link":"https:\/\/www.climomaxstore.com\/es\/product\/thermopompe-murale-franklin-18-000-btu-205-seer\/","title":{"rendered":"Thermopompe murale Franklin 18 000 BTU 23 SEER"},"content":{"rendered":"<h4><strong>FONCTIONNALIT\u00c9S\u00a0<\/strong><\/h4>\n<p><span style=\"font-weight: 400;\"><strong>R\u00c9INITIALISATION AUTOMATIQUE<\/strong> Dot\u00e9 de la fonctionnalit\u00e9 de r\u00e9initialisation automatique apr\u00e8s une coupure de courant <\/span><\/p>\n<p><strong>MODE T<\/strong><span style=\"font-weight: 400;\"><strong>URBO<\/strong> Aide \u00e0 augmenter la capacit\u00e9 du climatiseur pour atteindre rapidement la temp\u00e9rature d\u00e9sir\u00e9e <\/span><\/p>\n<p><strong>MODE AUTO-N<\/strong><span style=\"font-weight: 400;\"><strong>ETTOYAGE<\/strong> Les unit\u00e9s maintiennent l\u2019\u00e9vaporateur int\u00e9rieur propre pour \u00e9viter toute accumulation. <\/span><\/p>\n<p><span style=\"font-weight: 400;\"><strong>MODE SOMMEIL<\/strong> Aide \u00e0 r\u00e9duire la capacit\u00e9 pour att\u00e9nuer le niveau de bruit\u00a0<\/span><\/p>\n<p><strong>SU<\/strong><span style=\"font-weight: 400;\"><strong>IVEZ-MOI<\/strong> Votre t\u00e9l\u00e9commande agit en tant que capteur pour une pr\u00e9cision am\u00e9lior\u00e9e\u00a0<\/span><\/p>\n<p><strong>NE PAS D\u00c9RANGER <\/strong><span style=\"font-weight: 400;\">Supprime les sons et l\u2019affichage pour une utilisation non intrusive pendant le fonctionnement de\u00a0 l\u2019unit\u00e9 int\u00e9rieure\u00a0\u00a0<\/span><\/p>\n<p><strong>ANTI-FRO<\/strong><span style=\"font-weight: 400;\"><strong>ID<\/strong> Pr\u00e9chauffe l\u2019air int\u00e9rieur en mode chauffage pour un confort accru\u00a0<\/span><\/p>\n<p><strong>URGENC<\/strong><span style=\"font-weight: 400;\"><strong>E<\/strong> Capable de maintenir le fonctionnement en cas d\u2019erreur de l\u2019un des capteurs\u00a0<\/span><\/p>\n<p><strong>PROTECTION ANTIGEL <\/strong><span style=\"font-weight: 400;\">Aide \u00e0 maintenir un niveau de chauffage minimum pour que votre maison ne devienne\u00a0 inconfortablement froide\u00a0<\/span><\/p>\n<p><strong>M\u00c9MOIRE DE GRILLE D\u2019A\u00c9RATION <\/strong><span style=\"font-weight: 400;\">Retient la position pr\u00e9c\u00e9dente de la grille d\u2019a\u00e9ration, de sorte que vous obtenez le m\u00eame angle de\u00a0 mani\u00e8re coh\u00e9rente\u00a0<\/span><\/p>\n<p><strong>AVERTISS<\/strong><span style=\"font-weight: 400;\"><strong>EMENT FUITE DE R\u00c9FRIG\u00c9RANT<\/strong> L\u2019unit\u00e9 int\u00e9rieure est capable d\u2019avertir le propri\u00e9taire s\u2019il y a une fuite dans le syst\u00e8me.\u00a0<\/span><\/p>\n<p><span style=\"font-weight: 400;\"><strong>\u00c9CRAN DEL<\/strong> Affiche le point de consigne de temp\u00e9rature, les modes et les codes\u00a0<\/span><\/p>\n<p><strong>PROTECTION DU COMPRESSEUR <\/strong><span style=\"font-weight: 400;\">Prolonge la dur\u00e9e de vie du compresseur en pr\u00e9 d\u00e9marrant l\u2019unit\u00e9 ext\u00e9rieure pour \u00e9viter une\u00a0 surcharge du syst\u00e8me avec du r\u00e9frig\u00e9rant\u00a0\u00a0<\/span><\/p>\n<p><strong>\u00c9L\u00c9MENT DE C<\/strong><span style=\"font-weight: 400;\"><strong>HAUFFAGE DU CARTER<\/strong> Les c\u00e2bles chauffants am\u00e9liorent les performances de l\u2019unit\u00e9 pendant les modes de chauffage.\u00a0\u00a0<\/span><\/p>\n<p><strong>TECHNOLOGIE \u00c0 INVERSEUR ET \u00c9CONOMIES\u00a0D\u2019\u00c9NERGIE <\/strong><span style=\"font-weight: 400;\">Cette technologie est flexible, polyvalente et offre des niveaux \u00e9lev\u00e9s d\u2019efficacit\u00e9 et de confort. <\/span><\/p>","protected":false},"excerpt":{"rendered":"<p>chauffage jusqu&rsquo;\u00e0 &#8211; 30<\/p>\n<p>garantie 10 ans pi\u00e8ce et compresseur<\/p>\n<p>subvention de 1308$ avec le programme logis vert<\/p>\n<p><a href=\"https:\/\/www.climomaxstore.com\/wp-content\/uploads\/2024\/02\/franklin.pdf\"><strong>T\u00c9L\u00c9CHARGER LA BROCHURE<\/strong><\/a><\/p>\n<p>&nbsp;<\/p>\n<p>&nbsp;<\/p>\n<p>&nbsp;<\/p>\n<p>&nbsp;<\/p>","protected":false},"featured_media":3175,"template":"","meta":[],"product_cat":[59,186],"product_tag":[],"class_list":{"0":"post-3187","1":"product","2":"type-product","3":"status-publish","4":"has-post-thumbnail","6":"product_cat-thermopompe","7":"product_cat-thermopompe-simple-zone","9":"first","10":"instock","11":"sale","12":"taxable","13":"shipping-taxable","14":"purchasable","15":"product-type-simple"},"_links":{"self":[{"href":"https:\/\/www.climomaxstore.com\/es\/wp-json\/wp\/v2\/product\/3187"}],"collection":[{"href":"https:\/\/www.climomaxstore.com\/es\/wp-json\/wp\/v2\/product"}],"about":[{"href":"https:\/\/www.climomaxstore.com\/es\/wp-json\/wp\/v2\/types\/product"}],"wp:featuredmedia":[{"embeddable":true,"href":"https:\/\/www.climomaxstore.com\/es\/wp-json\/wp\/v2\/media\/3175"}],"wp:attachment":[{"href":"https:\/\/www.climomaxstore.com\/es\/wp-json\/wp\/v2\/media?parent=3187"}],"wp:term":[{"taxonomy":"product_cat","embeddable":true,"href":"https:\/\/www.climomaxstore.com\/es\/wp-json\/wp\/v2\/product_cat?post=3187"},{"taxonomy":"product_tag","embeddable":true,"href":"https:\/\/www.climomaxstore.com\/es\/wp-json\/wp\/v2\/product_tag?post=3187"}],"curies":[{"name":"wp","href":"https:\/\/api.w.org\/{rel}","templated":true}]}}