{"id":3207,"date":"2024-02-24T16:23:58","date_gmt":"2024-02-24T16:23:58","guid":{"rendered":"https:\/\/www.climomaxstore.com\/?post_type=product&#038;p=3207"},"modified":"2025-01-17T19:55:12","modified_gmt":"2025-01-17T19:55:12","slug":"thermopompe-murale-double-zones-goodman-36-000-btu","status":"publish","type":"product","link":"https:\/\/www.climomaxstore.com\/es\/product\/thermopompe-murale-double-zones-goodman-36-000-btu\/","title":{"rendered":"Thermopompe murale double zones Goodman 36 000 BTU"},"content":{"rendered":"<p><strong>GOODMAN EST LA MARQUE LA PLUS CONNUE EN AM\u00c9RIQUE DU NORD POUR SES MEILLEURES UNIT\u00c9S ET SON PRIX.<\/strong><\/p>\n<p>Ces mini-splits combinent une installation \u00e9conomique, un excellent confort de refroidissement et de chauffage et la commodit\u00e9 d&rsquo;une commande \u00e0 distance. Mieux encore, ils offrent un confort suppl\u00e9mentaire sans modifications co\u00fbteuses de votre syst\u00e8me de climatisation principal.<\/p>\n<ul>\n<li>Performance haute efficacit\u00e9 jusqu&rsquo;\u00e0 19 SEER<\/li>\n<li>R\u00e9frig\u00e9rant R-410A sans chlore<\/li>\n<li>Compresseur \u00e0 technologie DC Inverter<\/li>\n<li>R\u00e9glage du mode veille (7 heures hors cycle)<\/li>\n<li>M\u00e9moire de position des persiennes<\/li>\n<li>R\u00e9glages Turbo pour chauffage ou refroidissement rapide<\/li>\n<li>Filtre \u00e0 catalyseur froid<\/li>\n<li>Panneaux ext\u00e9rieurs int\u00e9rieurs faciles \u00e0 nettoyer<\/li>\n<li>Flux d&rsquo;air bidirectionnel pour une distribution optimale de l&rsquo;air<\/li>\n<li>R\u00e9glage automatique de la temp\u00e9rature (la m\u00e9moire \u00e0 distance r\u00e8gle automatiquement le thermostat sur le dernier r\u00e9glage de temp\u00e9rature enregistr\u00e9).<\/li>\n<\/ul>\n<h5>PERFORMANCE<\/h5>\n<ul>\n<li>R\u00e9glage turbo pour obtenir du chauffage ou de la climatisation rapidement.<\/li>\n<li>R\u00e9glage de temp\u00e9rature \u00e0 r\u00e9tablissement automatique.<\/li>\n<li>Flux d&rsquo;air bi-directionnel pour une distribution optimale de l&rsquo;air.<\/li>\n<li>R\u00e9frig\u00e9rant R-410A sans chlorure.<\/li>\n<li>R\u00e9glage en mode de veille (hors cycle de 7 heures)<\/li>\n<li>M\u00e9moire de position du d\u00e9flecteur<\/li>\n<li>Acc\u00e8s facile pour l\u2019entretien des panneaux du module int\u00e9rieur<\/li>\n<li>Filtre catalyseur \u00e0 froid<\/li>\n<\/ul>","protected":false},"excerpt":{"rendered":"<p>chauffage jusqu&rsquo;\u00e0 -30 avec 22 seer<\/p>\n<p>garantie de 1 ans pi\u00e8ce et 5 ans compresseur<\/p>\n<p>wi-fi inclus<\/p>\n<p><a href=\"https:\/\/www.climomaxstore.com\/wp-content\/uploads\/2024\/02\/brochure-goodman.pdf\"><strong>T\u00c9L\u00c9CHARGER LA BROCHURE<\/strong><\/a><\/p>\n<p>&nbsp;<\/p>\n<p>&nbsp;<\/p>\n<p>&nbsp;<\/p>\n<p>&nbsp;<\/p>","protected":false},"featured_media":3305,"template":"","meta":[],"product_cat":[59,185],"product_tag":[],"class_list":{"0":"post-3207","1":"product","2":"type-product","3":"status-publish","4":"has-post-thumbnail","6":"product_cat-thermopompe","7":"product_cat-thermopompe-murale-multi-zones","9":"first","10":"instock","11":"sale","12":"taxable","13":"shipping-taxable","14":"purchasable","15":"product-type-simple"},"_links":{"self":[{"href":"https:\/\/www.climomaxstore.com\/es\/wp-json\/wp\/v2\/product\/3207"}],"collection":[{"href":"https:\/\/www.climomaxstore.com\/es\/wp-json\/wp\/v2\/product"}],"about":[{"href":"https:\/\/www.climomaxstore.com\/es\/wp-json\/wp\/v2\/types\/product"}],"wp:featuredmedia":[{"embeddable":true,"href":"https:\/\/www.climomaxstore.com\/es\/wp-json\/wp\/v2\/media\/3305"}],"wp:attachment":[{"href":"https:\/\/www.climomaxstore.com\/es\/wp-json\/wp\/v2\/media?parent=3207"}],"wp:term":[{"taxonomy":"product_cat","embeddable":true,"href":"https:\/\/www.climomaxstore.com\/es\/wp-json\/wp\/v2\/product_cat?post=3207"},{"taxonomy":"product_tag","embeddable":true,"href":"https:\/\/www.climomaxstore.com\/es\/wp-json\/wp\/v2\/product_tag?post=3207"}],"curies":[{"name":"wp","href":"https:\/\/api.w.org\/{rel}","templated":true}]}}