{"id":3,"date":"2022-12-15T18:52:21","date_gmt":"2022-12-15T18:52:21","guid":{"rendered":"http:\/\/mafrishe.com\/?page_id=3"},"modified":"2024-02-20T22:57:30","modified_gmt":"2024-02-20T22:57:30","slug":"politique-de-confidentialite","status":"publish","type":"page","link":"https:\/\/www.climomaxstore.com\/fr\/politique-de-confidentialite\/","title":{"rendered":"Politique de confidentialit\u00e9"},"content":{"rendered":"<div class=\"section the_content has_content\">\n<div class=\"section_wrapper\">\n<div class=\"the_content_wrapper\">\n<div class=\"entry-content\">\n<p class=\"p1\">Cette politique de confidentialit\u00e9 d\u00e9crit comment vos informations personnelles sont collect\u00e9es, utilis\u00e9es et partag\u00e9es lorsque vous visitez ou effectuez un achat sur <strong>www.climomaxstore.com<\/strong> (le \u00abSite\u00bb).<\/p>\n<p class=\"p1\"><strong>INFORMATIONS PERSONNELLES QUE NOUS COLLECTONS<\/strong><br \/>\nLorsque vous visitez le site, nous recueillons automatiquement certaines informations sur votre appareil, y compris des informations sur votre navigateur Web, votre adresse IP, votre fuseau horaire et certains des cookies install\u00e9s sur votre appareil. De plus, lorsque vous naviguez sur le site, nous collectons des informations sur les pages Web individuelles ou les produits que vous consultez, les sites Web ou les termes de recherche qui vous renvoient au site, ainsi que des informations sur la mani\u00e8re dont vous interagissez avec le site. Nous appelons ces informations collect\u00e9es automatiquement des \u00abinformations sur l\u2019appareil\u00bb.<\/p>\n<p class=\"p1\">Nous recueillons des informations sur les appareils \u00e0 l\u2019aide des technologies suivantes:<br \/>\n\u2013 Les \u00abcookies\u00bb sont des fichiers de donn\u00e9es plac\u00e9s sur votre appareil ou ordinateur et comportant souvent un identifiant unique et anonyme. Pour plus d\u2019informations sur les cookies et comment les d\u00e9sactiver, visitez http:\/\/www.allaboutcookies.org.<br \/>\n\u2013 Les \u00abfichiers journaux\u00bb suivent les actions entreprises sur le site et collectent des donn\u00e9es, y compris votre adresse IP, le type de navigateur, le fournisseur de services Internet, les pages de renvoi \/ sortie et les horodatages.<br \/>\n\u2013 Les \u00abbalises Web\u00bb, \u00abbalises\u00bb et \u00abpixels\u00bb sont des fichiers \u00e9lectroniques utilis\u00e9s pour enregistrer des informations sur la fa\u00e7on dont vous naviguez sur le site.<br \/>\nDe plus, lorsque vous effectuez un achat ou tentez d\u2019effectuer un achat via le Site, nous recueillons certaines informations, notamment votre nom, votre adresse de facturation, votre adresse de livraison, vos informations de paiement (y compris les num\u00e9ros de carte de cr\u00e9dit), votre adresse e-mail et votre num\u00e9ro de t\u00e9l\u00e9phone. Nous appelons ces informations \u00abInformations de commande\u00bb.<\/p>\n<p class=\"p1\">Lorsque nous parlons de \u00abInformations personnelles\u00bb dans cette politique de confidentialit\u00e9, nous parlons \u00e0 la fois d\u2019informations sur les appareils et de commandes.<\/p>\n<p><strong>COMMENT UTILISONS-NOUS VOS INFORMATIONS PERSONNELLES?<\/strong><br \/>\nNous utilisons g\u00e9n\u00e9ralement les informations de commande que nous collectons pour ex\u00e9cuter toutes les commandes pass\u00e9es via le site (y compris le traitement de vos informations de paiement, l\u2019organisation de l\u2019exp\u00e9dition et la fourniture de factures et \/ ou de confirmations de commande). De plus, nous utilisons ces informations de commande pour:<\/p>\n<p>\u2013 Communiquer avec toi;<br \/>\n\u2013 Examiner nos commandes pour tout risque potentiel ou fraude; et<br \/>\n\u2013 Dans le respect des pr\u00e9f\u00e9rences que vous avez partag\u00e9es avec nous, vous fournir des informations ou des publicit\u00e9s relatives \u00e0 nos produits ou services.<br \/>\nNous utilisons les informations sur les appareils que nous collectons pour nous aider \u00e0 d\u00e9tecter les risques potentiels et les fraudes (en particulier votre adresse IP), et plus g\u00e9n\u00e9ralement pour am\u00e9liorer et optimiser notre site (par exemple, en g\u00e9n\u00e9rant des analyses sur la fa\u00e7on dont nos clients naviguent et interagissent sur le site et \u00e9valuent les succ\u00e8s de nos campagnes marketing et publicitaires).<\/p>\n<p><strong>COMPORTEMENT PUBLICITAIRE<\/strong><br \/>\nComme d\u00e9crit ci-dessus, nous utilisons vos informations personnelles pour vous fournir des publicit\u00e9s cibl\u00e9es ou des communications marketing susceptibles de vous int\u00e9resser. Pour plus d\u2019informations sur le fonctionnement de la publicit\u00e9 cibl\u00e9e, vous pouvez visiter la page \u00e9ducative de la Network Advertising Initiative (\u00abNAI\u00bb) \u00e0 l\u2019adresse http:\/\/www.networkadvertising.org\/understanding-online-advertising\/how- does-it-work.<\/p>\n<p>Vous pouvez d\u00e9sactiver la publicit\u00e9 cibl\u00e9e en utilisant les liens ci-dessous:<br \/>\n\u2013 Facebook: https:\/\/www.facebook.com\/settings\/?tab=ads<br \/>\n\u2013 Google: https:\/\/www.google.com\/settings\/ads\/anonymous<br \/>\n\u2013 Bing: https:\/\/advertise.bingads.microsoft.com\/en-us\/resources\/policies\/personalized-ads<\/p>\n<p>En outre, vous pouvez d\u00e9sactiver certains de ces services en visitant le portail de d\u00e9sactivation de la Digital Advertising Alliance \u00e0 l\u2019adresse: http:\/\/optout.aboutads.info\/.<\/p>\n<p><strong>NE PAS SUIVRE<\/strong><br \/>\nVeuillez noter que nous ne modifions pas la collecte de donn\u00e9es ou les pratiques de notre site lorsque nous voyons un signal Ne pas suivre de votre navigateur.<\/p>\n<p><strong>VOS DROITS<\/strong><br \/>\nSi vous \u00eates un r\u00e9sident europ\u00e9en, vous avez le droit d\u2019acc\u00e9der aux informations personnelles que nous d\u00e9tenons \u00e0 votre sujet et de demander que vos informations personnelles soient corrig\u00e9es, mises \u00e0 jour ou supprim\u00e9es. Si vous souhaitez exercer ce droit, veuillez nous contacter en utilisant les coordonn\u00e9es ci-dessous.<br \/>\nDe plus, si vous \u00eates un r\u00e9sident europ\u00e9en, nous notons que nous traitons vos informations afin de remplir les contrats que nous pourrions avoir avec vous (par exemple, si vous passez une commande sur le site) ou pour poursuivre nos int\u00e9r\u00eats commerciaux l\u00e9gitimes \u00e9num\u00e9r\u00e9s. au dessus. De plus, veuillez noter que vos informations seront transf\u00e9r\u00e9es en dehors de l\u2019Europe, y compris au Canada et aux \u00c9tats-Unis.<\/p>\n<p><strong>CONSERVATION DES DONN\u00c9ES<\/strong><br \/>\nLorsque vous passez une commande sur le site, nous conservons les informations de votre commande pour nos dossiers, \u00e0 moins et jusqu\u2019\u00e0 ce que vous nous demandiez de supprimer ces informations.<\/p>\n<p><strong>CHANGEMENTS<\/strong><br \/>\nNous pouvons mettre \u00e0 jour cette politique de confidentialit\u00e9 de temps \u00e0 autre pour refl\u00e9ter, par exemple, des changements dans nos pratiques ou pour d\u2019autres raisons op\u00e9rationnelles, l\u00e9gales ou r\u00e9glementaires.<\/p>\n<p><strong>NOUS CONTACTER<\/strong><br \/>\nPour plus d\u2019informations sur nos pratiques de confidentialit\u00e9, si vous avez des questions ou si vous souhaitez d\u00e9poser une plainte, veuillez nous contacter par e-mail \u00e0<strong> <span class=\"s1\"><span \n                data-original-string=\"jky7zq3GkUrMrlzDkQbwta19msgy74qp2gfMWuPp\/LU=\"\n                class=\"apbct-email-encoder\"\n                title=\"This contact has been encoded by Anti-Spam by CleanTalk. Click to decode. To finish the decoding make sure that JavaScript is enabled in your browser.\">cl******@ho*****.com<\/span><\/span> <\/strong>ou par courrier en utilisant les coordonn\u00e9es ci-dessous:<\/p>\n<p><span class=\"s1\"><strong>Clim-o-max Inc.<\/strong><\/span><br \/>\n901 Rue Gu\u00e9rin,<br \/>\nSaint-Michel (QC) J0L 2J0<br \/>\nCanada<\/p>\n<\/div>\n<\/div>\n<\/div>\n<\/div>","protected":false},"excerpt":{"rendered":"<p>Cette politique de confidentialit\u00e9 d\u00e9crit comment vos informations personnelles sont collect\u00e9es, utilis\u00e9es et partag\u00e9es lorsque vous visitez ou effectuez un achat sur www.climomaxstore.com (le \u00abSite\u00bb). INFORMATIONS PERSONNELLES QUE NOUS COLLECTONS Lorsque vous visitez le site, nous recueillons automatiquement certaines informations sur votre appareil, y compris des informations sur votre navigateur Web, votre adresse IP, votre<\/p>\n<div class=\"klb-readmore entry-button\"><a class=\"button\" href=\"https:\/\/www.climomaxstore.com\/fr\/politique-de-confidentialite\/\">Read More<\/a><\/div>","protected":false},"author":1,"featured_media":0,"parent":0,"menu_order":0,"comment_status":"closed","ping_status":"open","template":"","meta":{"footnotes":""},"class_list":["post-3","page","type-page","status-publish","hentry"],"_links":{"self":[{"href":"https:\/\/www.climomaxstore.com\/fr\/wp-json\/wp\/v2\/pages\/3"}],"collection":[{"href":"https:\/\/www.climomaxstore.com\/fr\/wp-json\/wp\/v2\/pages"}],"about":[{"href":"https:\/\/www.climomaxstore.com\/fr\/wp-json\/wp\/v2\/types\/page"}],"author":[{"embeddable":true,"href":"https:\/\/www.climomaxstore.com\/fr\/wp-json\/wp\/v2\/users\/1"}],"replies":[{"embeddable":true,"href":"https:\/\/www.climomaxstore.com\/fr\/wp-json\/wp\/v2\/comments?post=3"}],"version-history":[{"count":7,"href":"https:\/\/www.climomaxstore.com\/fr\/wp-json\/wp\/v2\/pages\/3\/revisions"}],"predecessor-version":[{"id":3058,"href":"https:\/\/www.climomaxstore.com\/fr\/wp-json\/wp\/v2\/pages\/3\/revisions\/3058"}],"wp:attachment":[{"href":"https:\/\/www.climomaxstore.com\/fr\/wp-json\/wp\/v2\/media?parent=3"}],"curies":[{"name":"wp","href":"https:\/\/api.w.org\/{rel}","templated":true}]}}