{"id":2879,"date":"2024-01-22T13:51:33","date_gmt":"2024-01-22T13:51:33","guid":{"rendered":"https:\/\/www.espaces-synthetiques.com\/?post_type=product&#038;p=2879"},"modified":"2024-02-24T17:45:56","modified_gmt":"2024-02-24T17:45:56","slug":"kit-dinstallation","status":"publish","type":"product","link":"https:\/\/www.climomaxstore.com\/fr\/product\/kit-dinstallation\/","title":{"rendered":"Kit d&rsquo;installation"},"content":{"rendered":"<p>Cet ensemble comprend le n\u00e9cessaire pour une installation ad\u00e9quate de votre Climatiseur ou Thermopompe murale.<\/p>\n<p>&#8211; Un ensemble de support mural 16&#215;24 supportant une unit\u00e9 de 9000BTU \u00e0 24000BTU<\/p>\n<p>&#8211; Un fils de calibre 14, 4 brin. Ce type de fils sert \u00e0 la communication entre les deux appareils<\/p>\n<p>&#8211; Un tuyaux de condensation (drain) pour \u00e9vacuer l&rsquo;eau cr\u00e9\u00e9e par l&rsquo;appareil int\u00e9rieur<\/p>\n<p>&#8211; Un interrupteur (disconnect) ext\u00e9rieur, obligatoire selon le code national \u00e9lectrique<\/p>\n<p>&#8211; Un ensemble de tuyaux isol\u00e9 canadien, pour le gaz r\u00e9frig\u00e9rant<\/p>\n<p>&#8211; Un ensemble que 4 pads anti-vibration pour r\u00e9duire les vibration et bruit de l&rsquo;appareil en mode d\u00e9givrage en hiver<\/p>","protected":false},"excerpt":{"rendered":"<p>Cet ensemble comprend le n\u00e9cessaire pour une installation ad\u00e9quate de votre Climatiseur ou Thermopompe murale. &#8211; Un ensemble de support mural 16&#215;24 supportant une unit\u00e9 de 9000BTU \u00e0 24000BTU &#8211; Un fils de calibre 14, 4 brin. Ce type de fils sert \u00e0 la communication entre les deux appareils &#8211; Un tuyaux de condensation (drain)<\/p>\n<div class=\"klb-readmore entry-button\"><a class=\"button\" href=\"https:\/\/www.climomaxstore.com\/fr\/product\/kit-dinstallation\/\">Read More<\/a><\/div>","protected":false},"featured_media":3100,"template":"","meta":[],"product_cat":[184],"product_tag":[],"class_list":{"0":"post-2879","1":"product","2":"type-product","3":"status-publish","4":"has-post-thumbnail","6":"product_cat-accessoires-dinstallation","8":"first","9":"instock","10":"taxable","11":"shipping-taxable","12":"purchasable","13":"product-type-simple"},"_links":{"self":[{"href":"https:\/\/www.climomaxstore.com\/fr\/wp-json\/wp\/v2\/product\/2879"}],"collection":[{"href":"https:\/\/www.climomaxstore.com\/fr\/wp-json\/wp\/v2\/product"}],"about":[{"href":"https:\/\/www.climomaxstore.com\/fr\/wp-json\/wp\/v2\/types\/product"}],"wp:featuredmedia":[{"embeddable":true,"href":"https:\/\/www.climomaxstore.com\/fr\/wp-json\/wp\/v2\/media\/3100"}],"wp:attachment":[{"href":"https:\/\/www.climomaxstore.com\/fr\/wp-json\/wp\/v2\/media?parent=2879"}],"wp:term":[{"taxonomy":"product_cat","embeddable":true,"href":"https:\/\/www.climomaxstore.com\/fr\/wp-json\/wp\/v2\/product_cat?post=2879"},{"taxonomy":"product_tag","embeddable":true,"href":"https:\/\/www.climomaxstore.com\/fr\/wp-json\/wp\/v2\/product_tag?post=2879"}],"curies":[{"name":"wp","href":"https:\/\/api.w.org\/{rel}","templated":true}]}}