{"id":3143,"date":"2024-02-24T00:12:52","date_gmt":"2024-02-24T00:12:52","guid":{"rendered":"https:\/\/www.climomaxstore.com\/?post_type=product&#038;p=3143"},"modified":"2024-02-24T13:45:41","modified_gmt":"2024-02-24T13:45:41","slug":"thermopompe-stratos-100","status":"publish","type":"product","link":"https:\/\/www.climomaxstore.com\/fr\/product\/thermopompe-stratos-100\/","title":{"rendered":"Thermopompe Stratos 100 000 BTU\/H"},"content":{"rendered":"","protected":false},"excerpt":{"rendered":"<p>Puissance accrue et co\u00fbt d\u2019achat abordable, La Stratos est polyvalente et convient \u00e0 plusieurs dimensions de piscines hors-sol et creus\u00e9es. Robuste et silencieuse, elle est dot\u00e9e d\u2019une excellente garantie. C&rsquo;est le choix id\u00e9al pour votre piscine.<\/p>\n<p>Capacit\u00e9 : <strong>100 000BTU\/H<\/strong><\/p>\n<p><a href=\"https:\/\/www.climomaxstore.com\/wp-content\/uploads\/2024\/02\/Stratos_Fr_2021.pdf\"><strong>T\u00c9L\u00c9CHARGER LA BROCHURE<\/strong><\/a><\/p>\n<p>&nbsp;<\/p>","protected":false},"featured_media":3140,"template":"","meta":[],"product_cat":[64,59],"product_tag":[],"class_list":{"0":"post-3143","1":"product","2":"type-product","3":"status-publish","4":"has-post-thumbnail","6":"product_cat-chauffe-piscine","7":"product_cat-thermopompe","9":"first","10":"instock","11":"taxable","12":"shipping-taxable","13":"purchasable","14":"product-type-simple"},"_links":{"self":[{"href":"https:\/\/www.climomaxstore.com\/fr\/wp-json\/wp\/v2\/product\/3143"}],"collection":[{"href":"https:\/\/www.climomaxstore.com\/fr\/wp-json\/wp\/v2\/product"}],"about":[{"href":"https:\/\/www.climomaxstore.com\/fr\/wp-json\/wp\/v2\/types\/product"}],"wp:featuredmedia":[{"embeddable":true,"href":"https:\/\/www.climomaxstore.com\/fr\/wp-json\/wp\/v2\/media\/3140"}],"wp:attachment":[{"href":"https:\/\/www.climomaxstore.com\/fr\/wp-json\/wp\/v2\/media?parent=3143"}],"wp:term":[{"taxonomy":"product_cat","embeddable":true,"href":"https:\/\/www.climomaxstore.com\/fr\/wp-json\/wp\/v2\/product_cat?post=3143"},{"taxonomy":"product_tag","embeddable":true,"href":"https:\/\/www.climomaxstore.com\/fr\/wp-json\/wp\/v2\/product_tag?post=3143"}],"curies":[{"name":"wp","href":"https:\/\/api.w.org\/{rel}","templated":true}]}}