{"id":3144,"date":"2024-02-24T00:17:06","date_gmt":"2024-02-24T00:17:06","guid":{"rendered":"https:\/\/www.climomaxstore.com\/?post_type=product&#038;p=3144"},"modified":"2024-02-24T17:43:17","modified_gmt":"2024-02-24T17:43:17","slug":"thermopompe-centrale-zephyr-18-ze-36hpb","status":"publish","type":"product","link":"https:\/\/www.climomaxstore.com\/fr\/product\/thermopompe-centrale-zephyr-18-ze-36hpb\/","title":{"rendered":"Thermopompe centrale Zephyr 18 &#8211; ZE-36HPB"},"content":{"rendered":"","protected":false},"excerpt":{"rendered":"<p>Les thermopompes central r\u00e9guli\u00e8re ont une ou deux vitesses. La thermopompe central Zephyr inverter fonctionne en multi-vitesse. C&rsquo;est \u00e0 dire qu&rsquo;elle fonctionne \u00e0 la vitesse n\u00e9cessaire pour donner le meilleur rendement \u00e9nerg\u00e9tique en chauffage et en climatisation. Vous vivrez un confort qui n&rsquo;\u00e9tait pas possible d&rsquo;obtenir avec une thermopompe central conventionnel.<\/p>\n<p><a href=\"https:\/\/www.climomaxstore.com\/wp-content\/uploads\/2024\/02\/zephyr_centrale.pdf\"><strong>T\u00c9L\u00c9CHARGER LA BROCHURE<\/strong><\/a><\/p>\n<p>&nbsp;<\/p>","protected":false},"featured_media":3162,"template":"","meta":[],"product_cat":[15],"product_tag":[],"class_list":{"0":"post-3144","1":"product","2":"type-product","3":"status-publish","4":"has-post-thumbnail","6":"product_cat-systeme-central","8":"first","9":"instock","10":"taxable","11":"shipping-taxable","12":"purchasable","13":"product-type-simple"},"_links":{"self":[{"href":"https:\/\/www.climomaxstore.com\/fr\/wp-json\/wp\/v2\/product\/3144"}],"collection":[{"href":"https:\/\/www.climomaxstore.com\/fr\/wp-json\/wp\/v2\/product"}],"about":[{"href":"https:\/\/www.climomaxstore.com\/fr\/wp-json\/wp\/v2\/types\/product"}],"wp:featuredmedia":[{"embeddable":true,"href":"https:\/\/www.climomaxstore.com\/fr\/wp-json\/wp\/v2\/media\/3162"}],"wp:attachment":[{"href":"https:\/\/www.climomaxstore.com\/fr\/wp-json\/wp\/v2\/media?parent=3144"}],"wp:term":[{"taxonomy":"product_cat","embeddable":true,"href":"https:\/\/www.climomaxstore.com\/fr\/wp-json\/wp\/v2\/product_cat?post=3144"},{"taxonomy":"product_tag","embeddable":true,"href":"https:\/\/www.climomaxstore.com\/fr\/wp-json\/wp\/v2\/product_tag?post=3144"}],"curies":[{"name":"wp","href":"https:\/\/api.w.org\/{rel}","templated":true}]}}